{"id":3216,"date":"2021-07-28T19:03:35","date_gmt":"2021-07-28T22:03:35","guid":{"rendered":"https:\/\/www.cuartodemilla.com.uy\/?page_id=3216"},"modified":"2021-07-28T19:05:45","modified_gmt":"2021-07-28T22:05:45","slug":"sea-sponsor","status":"publish","type":"page","link":"https:\/\/www.cuartodemilla.com.uy\/?page_id=3216","title":{"rendered":"Sea Sponsor"},"content":{"rendered":"<p>[vc_row full_width=\u00bbstretch_row\u00bb][vc_column]\n\t\t<section class=\"slider slider--animate height-100 cover cover-5 parallax\" data-animation=\"fade\" data-arrows=\"false\" data-paging=\"false\" data-timing=\"5000\">\n\t\t\t<ul class=\"slides\">\n\t\t\t\t\n\t\t<li class=\"imagebg\" data-overlay=\"4\">\n\t\t\t<div class=\"background-image-holder\">\n\t\t\t\t<img loading=\"lazy\" decoding=\"async\" width=\"670\" height=\"345\" src=\"https:\/\/www.cuartodemilla.com.uy\/wp-content\/uploads\/2021\/06\/Boton_sponsor.jpg\" class=\"attachment-full size-full\" alt=\"\" srcset=\"https:\/\/www.cuartodemilla.com.uy\/wp-content\/uploads\/2021\/06\/Boton_sponsor.jpg 670w, https:\/\/www.cuartodemilla.com.uy\/wp-content\/uploads\/2021\/06\/Boton_sponsor-300x154.jpg 300w, https:\/\/www.cuartodemilla.com.uy\/wp-content\/uploads\/2021\/06\/Boton_sponsor-600x309.jpg 600w\" sizes=\"auto, (max-width: 670px) 100vw, 670px\" \/>\n\t\t\t<\/div>\n\t\t\t<div class=\"container pos-vertical-center\">\n\t\t\t\t<div class=\"row\">\n\t\t\t\t\t<div class=\"col-sm-12\">\n\t\t\t\t\t\t<\/p>\n<h1 style=\"text-align: center;\">Sea Sponsor<\/h1>\n<p>\n\n\t\t\t\t\t<\/div>\n\t\t\t\t<\/div>\n\t\t\t<\/div>\n\t\t<\/li>\n\t\n\t\t\t<\/ul>\n\t\t<\/section>\n\t[\/vc_column][\/vc_row][vc_row el_class=\u00bbbg&#8211;white\u00bb][vc_column][vc_column_text]<\/p>\n<p class=\"font_8\">Siendo sponsor oficial, usted accede a:<\/p>\n<p class=\"font_8\"><span class=\"wixGuard\">\u200b<\/span><span style=\"font-size: 1rem;\">Banderas en el ruedo<\/span><\/p>\n<ul>\n<li class=\"font_8\">Roll-up en entrega de premios<\/li>\n<li class=\"font_8\">Banner con link en la P\u00e1gina web de la SCCM<\/li>\n<li class=\"font_8\">Afiche de todos los eventos<\/li>\n<li class=\"font_8\">Publicidad en las cuentas oficiales de Facebook y Youtube de la SCCM<\/li>\n<li class=\"font_8\">Una p\u00e1gina en el Anuario de la SCCM<\/li>\n<li class=\"font_8\">Pie de p\u00e1gina en todos los mails a socios<\/li>\n<li class=\"font_8\">Menciones en eventos y entrevistas<\/li>\n<li class=\"font_8\">Entrega de premios en fechas y Campeonato Anual<\/li>\n<li class=\"font_8\">Apariciones en\u00a0 los videos de resumen editados luego de las fechas que se difundir\u00e1n por Campo TV las redes sociales Facebook y Youtube en cuentas oficiales de la SCCM. Las marcas aparecer\u00e1n bajo la inscripci\u00f3n \u201cAuspician\u201d.<\/li>\n<\/ul>\n<p class=\"font_8\"><span class=\"wixGuard\">\u200b<\/span>Consulte tambi\u00e9n por exclusividad en el rubro y por la posibilidad de dar nombre a un torneo<\/p>\n<p>[\/vc_column_text][\/vc_column][\/vc_row]<\/p>\n","protected":false},"excerpt":{"rendered":"<p>[vc_row full_width=\u00bbstretch_row\u00bb][vc_column][\/vc_column][\/vc_row][vc_row el_class=\u00bbbg&#8211;white\u00bb][vc_column][vc_column_text] Siendo sponsor oficial, usted accede a: \u200bBanderas en el ruedo Roll-up en entrega de premios Banner con link en la P\u00e1gina web de la SCCM Afiche de todos los eventos Publicidad en las cuentas oficiales de Facebook y Youtube de la SCCM Una p\u00e1gina en el Anuario de la SCCM Pie de [&hellip;]<\/p>\n","protected":false},"author":1,"featured_media":0,"parent":0,"menu_order":0,"comment_status":"closed","ping_status":"closed","template":"","meta":{"footnotes":""},"class_list":["post-3216","page","type-page","status-publish","hentry"],"_links":{"self":[{"href":"https:\/\/www.cuartodemilla.com.uy\/index.php?rest_route=\/wp\/v2\/pages\/3216","targetHints":{"allow":["GET"]}}],"collection":[{"href":"https:\/\/www.cuartodemilla.com.uy\/index.php?rest_route=\/wp\/v2\/pages"}],"about":[{"href":"https:\/\/www.cuartodemilla.com.uy\/index.php?rest_route=\/wp\/v2\/types\/page"}],"author":[{"embeddable":true,"href":"https:\/\/www.cuartodemilla.com.uy\/index.php?rest_route=\/wp\/v2\/users\/1"}],"replies":[{"embeddable":true,"href":"https:\/\/www.cuartodemilla.com.uy\/index.php?rest_route=%2Fwp%2Fv2%2Fcomments&post=3216"}],"version-history":[{"count":3,"href":"https:\/\/www.cuartodemilla.com.uy\/index.php?rest_route=\/wp\/v2\/pages\/3216\/revisions"}],"predecessor-version":[{"id":3219,"href":"https:\/\/www.cuartodemilla.com.uy\/index.php?rest_route=\/wp\/v2\/pages\/3216\/revisions\/3219"}],"wp:attachment":[{"href":"https:\/\/www.cuartodemilla.com.uy\/index.php?rest_route=%2Fwp%2Fv2%2Fmedia&parent=3216"}],"curies":[{"name":"wp","href":"https:\/\/api.w.org\/{rel}","templated":true}]}}